{"id":1330,"date":"2017-02-06T21:31:49","date_gmt":"2017-02-07T00:31:49","guid":{"rendered":"http:\/\/www.procard.com.py\/procard_institucional\/?page_id=1330"},"modified":"2025-06-04T01:07:37","modified_gmt":"2025-06-04T05:07:37","slug":"acerca-de-nosotros","status":"publish","type":"page","link":"https:\/\/www.procard.com.py\/procard_institucional\/acerca-de-nosotros\/","title":{"rendered":"Acerca de Procard"},"content":{"rendered":"<p>[vc_row full_width=\u00bbstretch_row_content_no_spaces\u00bb equal_height=\u00bbyes\u00bb el_class=\u00bbabout-section1 vcr_float_right\u00bb css=\u00bb.vc_custom_1476872115795{margin-top: -65px !important;background-position: 0 0 !important;background-repeat: no-repeat !important;}\u00bb][vc_column width=\u00bb1\/2&#8243; css=\u00bb.vc_custom_1518456106132{margin-top: 0px !important;margin-right: 0px !important;margin-bottom: 0px !important;margin-left: 0px !important;padding-top: 0px !important;padding-right: 0px !important;padding-bottom: 0px !important;padding-left: 0px !important;background-image: url(http:\/\/www.procard.com.py\/procard_institucional\/wp-content\/uploads\/164_1.jpg?id=2502) !important;background-position: center !important;background-repeat: no-repeat !important;background-size: cover !important;}\u00bb][\/vc_column][vc_column width=\u00bb1\/2&#8243; css=\u00bb.vc_custom_1476872212738{margin-top: 11px !important;padding-top: 0px !important;padding-right: 10% !important;padding-bottom: 0px !important;padding-left: 5% !important;}\u00bb]<div class=\"ult-spacer spacer-69df62b839e68\" data-id=\"69df62b839e68\" data-height=\"100\" data-height-mobile=\"\" data-height-tab=\"40\" data-height-tab-portrait=\"80\" data-height-mobile-landscape=\"\" style=\"clear:both;display:block;\"><\/div>[vc_row_inner][vc_column_inner][vc_custom_heading text=\u00bbQui\u00e9nes somos?\u00bb font_container=\u00bbtag:h3|font_size:24|text_align:left\u00bb use_theme_fonts=\u00bbyes\u00bb][vc_column_text]<\/p>\n<p>I am text block. Click edit button to change this text. Lorem ipsum dolor sit amet, consectetur adipiscing elit. Ut elit tellus, luctus nec ullamcorper mattis, pulvinar dapibus leo.<\/p>\n<p>[\/vc_column_text][\/vc_column_inner][\/vc_row_inner][vc_row_inner][vc_column_inner]<div class='dt-sc-icon-box type5 no-icon-bg'><div class=\"icon-wrapper\"><img width=\"80\" height=\"80\" src=\"https:\/\/www.procard.com.py\/procard_institucional\/wp-content\/uploads\/2017\/02\/icon16.png\" class=\"attachment-full\" alt=\"\" decoding=\"async\" loading=\"lazy\" \/><\/div><div class=\"icon-content\"><h4>Pol\u00edtica de Calidad<\/h4><p>PROCARD S.A. es una organizaci\u00f3n especializada en procesamiento y servicios integrales, orientada a satisfacer las expectativas de sus clientes en t\u00e9rminos de responsabilidad y eficiencia. Para ello, declara su compromiso con la mejora continua y el cumplimiento de todos los requisitos aplicables a trav\u00e9s de un Sistema de Gesti\u00f3n de la Calidad sujeto a la Norma ISO 9001 que se sustenta en el involucramiento de sus colaboradores y la Alta Direcci\u00f3n. Como resultado brindar excelencia en los servicios apoyado en la innovaci\u00f3n y la optimizaci\u00f3n de los procesos.<\/p><\/div><\/div>[vc_empty_space height=\u00bb30px\u00bb]<div class='dt-sc-icon-box type5 no-icon-bg'><div class=\"icon-wrapper\"><img width=\"80\" height=\"80\" src=\"https:\/\/www.procard.com.py\/procard_institucional\/wp-content\/uploads\/2017\/02\/icon16.png\" class=\"attachment-full\" alt=\"\" decoding=\"async\" loading=\"lazy\" \/><\/div><div class=\"icon-content\"><h4>Pol\u00edtica de Riesgo<\/h4><p>PROCARD S.A. gestiona sus procesos desde la perspectiva integral del Riesgo; tomando la estrategia corporativa como principio orientador. La informaci\u00f3n se actualiza y se comunica de forma peri\u00f3dica, sustent\u00e1ndose en las pr\u00e1cticas de gesti\u00f3n prospectiva y mejora continua, contribuyendo al cumplimiento de los objetivos propuestos con el involucramiento de todos los colaboradores.<\/p><\/div><\/div>[\/vc_column_inner][\/vc_row_inner]<div class=\"ult-spacer spacer-69df62b83a6e7\" data-id=\"69df62b83a6e7\" data-height=\"100\" data-height-mobile=\"100\" data-height-tab=\"100\" data-height-tab-portrait=\"65\" data-height-mobile-landscape=\"\" style=\"clear:both;display:block;\"><\/div>[\/vc_column][\/vc_row][vc_row full_width=\u00bbstretch_row\u00bb bg_type=\u00bbimage\u00bb parallax_style=\u00bbvcpb-default\u00bb bg_image_new=\u00bbid^2844|url^http:\/\/www.procard.com.py\/procard_institucional\/wp-content\/uploads\/Imagen21-1.png|caption^null|alt^null|title^Imagen21|description^null\u00bb bg_img_attach=\u00bbfixed\u00bb enable_overlay=\u00bbenable_overlay_value\u00bb overlay_color=\u00bbrgba(46,51,53,0.88)\u00bb css=\u00bb.vc_custom_1560175826856{padding-top: 12% !important;padding-bottom: 10% !important;}\u00bb el_class=\u00bbgradient-opacity-overlay\u00bb][vc_column][vc_custom_heading text=\u00bbGarantizamos efectividad en los servicios ofrecidos\u00bb font_container=\u00bbtag:h2|font_size:50|text_align:center|color:%23ffffff\u00bb use_theme_fonts=\u00bbyes\u00bb css=\u00bb.vc_custom_1486425257563{margin-bottom: 5px !important;}\u00bb][vc_custom_heading text=\u00bbCon la convicci\u00f3n de ser m\u00e1s expertos en lo que hacemos y ofrecemos\u00bb font_container=\u00bbtag:h2|text_align:center|color:rgba(255%2C255%2C255%2C0.7)\u00bb use_theme_fonts=\u00bbyes\u00bb css=\u00bb.vc_custom_1486425292355{margin-bottom: 40px !important;}\u00bb][vc_custom_heading text=\u00bbAdelantamos las ideas y las transformamos en servicios considerando las necesidades de los clientes, desafiando los paradigmas existentes.\u00bb font_container=\u00bbtag:h3|text_align:center|color:%23ffffff\u00bb use_theme_fonts=\u00bbyes\u00bb css=\u00bb.vc_custom_1486425326655{margin-bottom: 40px !important;}\u00bb][\/vc_column][\/vc_row][vc_row][vc_column][vc_empty_space]<div class='dt-sc-tabs-vertical-frame-container type3'><ul class='dt-sc-tabs-vertical-frame'><li><a href=\"javascript:void(0);\">VISI\u00d3N<\/a><\/li><li><a href=\"javascript:void(0);\">MISI\u00d3N<\/a><\/li><li><a href=\"javascript:void(0);\">VALORES<\/a><\/li><\/ul><div class='dt-sc-tabs-vertical-frame-content'>[vc_column_text]<\/p>\n<p>I am text block. Click edit button to change this text. Lorem ipsum dolor sit amet, consectetur adipiscing elit. Ut elit tellus, luctus nec ullamcorper mattis, pulvinar dapibus leo.<\/p>\n<p>[\/vc_column_text]<\/div><div class='dt-sc-tabs-vertical-frame-content'>[vc_column_text]<\/p>\n<p>I am text block. Click edit button to change this text. Lorem ipsum dolor sit amet, consectetur adipiscing elit. Ut elit tellus, luctus nec ullamcorper mattis, pulvinar dapibus leo.<\/p>\n<p>[\/vc_column_text]<\/div><div class='dt-sc-tabs-vertical-frame-content'>[vc_column_text]<\/p>\n<p>I am text block. Click edit button to change this text. Lorem ipsum dolor sit amet, consectetur adipiscing elit. Ut elit tellus, luctus nec ullamcorper mattis, pulvinar dapibus leo.<\/p>\n<p>[\/vc_column_text]<\/div><\/div>[\/vc_column][\/vc_row][vc_row css=\u00bb.vc_custom_1473844786336{padding-top: 12% !important;padding-bottom: 10% !important;}\u00bb el_class=\u00bbour-skills\u00bb][vc_column]<div class='dt-sc-title with-two-border aligncenter'><h2>Aspectos legales<\/h2><\/div>[vc_column_text css=\u00bb.vc_custom_1501179008165{margin-top: 10px !important;padding-right: 20% !important;padding-left: 20% !important;}\u00bb]Procard S.A. es una empresa jur\u00eddica constituida como Sociedad An\u00f3nima el 3 de noviembre de 1997 seg\u00fan escritura p\u00fablica N\u00b0 139 pasada por ante escriban\u00eda Lorenzo N. Livieres, con reconocimiento de su personer\u00eda jur\u00eddica en fecha 18 de diciembre de 1.997, inscripta en el Registro P\u00fablico de Comercio, bajo el n\u00famero 1152, serie B de fecha 22 de diciembre de 1.997.<\/p>\n<p>Para el cumplimiento de sus prestaciones, la empresa cuenta con sistemas de procesamiento adecuados y actualizados, as\u00ed como m\u00faltiples opciones en esquemas de conectividad y, por sobre todo, recursos humanos calificados para brindar con solvencia y confiabilidad todos los servicios puestos a disposici\u00f3n de los clientes.[\/vc_column_text]<div class=\"ult-spacer spacer-69df62b83a98e\" data-id=\"69df62b83a98e\" data-height=\"50\" data-height-mobile=\"50\" data-height-tab=\"50\" data-height-tab-portrait=\"\" data-height-mobile-landscape=\"\" style=\"clear:both;display:block;\"><\/div>[\/vc_column][\/vc_row][vc_row full_width=\u00bbstretch_row\u00bb parallax=\u00bbcontent-moving\u00bb parallax_image=\u00bb2797&#8243; css=\u00bb.vc_custom_1554907628039{padding-top: 14% !important;padding-bottom: 14% !important;}\u00bb el_class=\u00bbskin-highlight-overlay\u00bb][vc_column][vc_row_inner gap=\u00bb30&#8243;][vc_column_inner el_align=\u00bbcenter\u00bb width=\u00bb1\/3&#8243;]<div class='dt-sc-icon-box type6  no-icon'><div class=\"icon-content\"><h4>\u00bfC\u00f3mo asegurar sus transacciones y evitar fraudes con tarjetas?<\/h4><p>Es muy importante que los comerciantes tengan en cuenta ciertos aspectos a la hora de realizar una venta con Tarjetas de Cr\u00e9dito.<\/p>\n<p style=\"text-align: center;\"><a href=\"http:\/\/www.procard.com.py\/procard_institucional\/como-asegurar-tus-tarjetas\/\" target=\"_blank\" rel=\"noopener noreferrer\">Leer Mas<\/a><\/p><\/p><\/div><\/div>[\/vc_column_inner][vc_column_inner el_align=\u00bbcenter\u00bb width=\u00bb1\/3&#8243;]<div class='dt-sc-icon-box type6  no-icon'><div class=\"icon-content\"><h4> Obtenci\u00f3n de datos de tarjetas<\/h4><p>En vista a la circulaci\u00f3n de \u00abemails en cadena\u00bb donde supuestamente la entidad emisora de tarjetas de cr\u00e9dito solicita la actualizaci\u00f3n de datos de usuarios y a otros mecanismos que est\u00e1n siendo publicitados con la finalidad de obtener datos de su tarjeta, lea estas recomendaciones.<\/p>\n<p style=\"text-align: center;\"><a href=\"http:\/\/www.procard.com.py\/procard_institucional\/comunicado-importante\/\" target=\"_blank\" rel=\"noopener noreferrer\">Leer Mas<\/a><\/p><\/p><\/div><\/div>[\/vc_column_inner][vc_column_inner el_align=\u00bbcenter\u00bb width=\u00bb1\/3&#8243;]<div class='dt-sc-icon-box type6  no-icon'><div class=\"icon-content\"><h4>Tus beneficios CREDICARD<\/h4><p>Desde el 1 de octubre del 2015 <strong>Credicard<\/strong> suma Beneficios para sus usuarios.<\/p>\n<p style=\"text-align: center;\"><a href=\"http:\/\/www.procard.com.py\/procard_institucional\/credicard2\/\" target=\"_blank\" rel=\"noopener noreferrer\">Leer Mas<\/a><\/p><\/p><\/div><\/div>[\/vc_column_inner][\/vc_row_inner][\/vc_column][\/vc_row][vc_row css=\u00bb.vc_custom_1473846320290{padding-top: 12% !important;padding-bottom: 12% !important;}\u00bb][vc_column css=\u00bb.vc_custom_1571321835132{margin-left: 20px !important;border-left-width: 20px !important;padding-left: 30px !important;}\u00bb]<div class='dt-sc-title with-two-border aligncenter'><h2>Conoc\u00e9 a nuestros gerentes<\/h2><\/div><div class=\"ult-spacer spacer-69df62b83ab41\" data-id=\"69df62b83ab41\" data-height=\"50\" data-height-mobile=\"50\" data-height-tab=\"50\" data-height-tab-portrait=\"\" data-height-mobile-landscape=\"\" style=\"clear:both;display:block;\"><\/div>[vc_row_inner gap=\u00bb35&#8243;][vc_column_inner width=\u00bb1\/6&#8243;]<div class='dt-sc-team hide-social-show-on-hover '><div class='dt-sc-team-thumb'><img width=\"750\" height=\"1000\" src=\"https:\/\/www.procard.com.py\/procard_institucional\/wp-content\/uploads\/2017\/02\/Rolando-Segovia-1.jpg\" class=\"attachment-full\" alt=\"\" decoding=\"async\" loading=\"lazy\" srcset=\"https:\/\/www.procard.com.py\/procard_institucional\/wp-content\/uploads\/2017\/02\/Rolando-Segovia-1.jpg 750w, https:\/\/www.procard.com.py\/procard_institucional\/wp-content\/uploads\/2017\/02\/Rolando-Segovia-1-225x300.jpg 225w\" sizes=\"(max-width: 750px) 100vw, 750px\" \/><\/div><div class='dt-sc-team-details'><h4>Rolando Segovia<\/h4><h5>Gerente General<\/h5><p><\/p><\/div><\/div>[\/vc_column_inner][vc_column_inner width=\u00bb1\/6&#8243;]<div class='dt-sc-team hide-social-show-on-hover '><div class='dt-sc-team-thumb'><img width=\"264\" height=\"352\" src=\"https:\/\/www.procard.com.py\/procard_institucional\/wp-content\/uploads\/EV-2.jpg\" class=\"attachment-full\" alt=\"\" decoding=\"async\" loading=\"lazy\" srcset=\"https:\/\/www.procard.com.py\/procard_institucional\/wp-content\/uploads\/EV-2.jpg 264w, https:\/\/www.procard.com.py\/procard_institucional\/wp-content\/uploads\/EV-2-225x300.jpg 225w\" sizes=\"(max-width: 264px) 100vw, 264px\" \/><\/div><div class='dt-sc-team-details'><h4>Edgar Valdez<\/h4><h5>Gerente de Tecnolog\u00eda<\/h5><p><\/p><\/div><\/div>[\/vc_column_inner][vc_column_inner width=\u00bb1\/6&#8243;]<div class='dt-sc-team hide-social-show-on-hover '><div class='dt-sc-team-thumb'><img width=\"750\" height=\"1000\" src=\"https:\/\/www.procard.com.py\/procard_institucional\/wp-content\/uploads\/Fabricio-Royg.jpg\" class=\"attachment-full\" alt=\"\" decoding=\"async\" loading=\"lazy\" srcset=\"https:\/\/www.procard.com.py\/procard_institucional\/wp-content\/uploads\/Fabricio-Royg.jpg 750w, https:\/\/www.procard.com.py\/procard_institucional\/wp-content\/uploads\/Fabricio-Royg-225x300.jpg 225w\" sizes=\"(max-width: 750px) 100vw, 750px\" \/><\/div><div class='dt-sc-team-details'><h4>Fabricio Royg<\/h4><h5>Gerente de Operaciones<\/h5><p><\/p><\/div><\/div>[\/vc_column_inner][vc_column_inner width=\u00bb1\/6&#8243;]<div class='dt-sc-team hide-social-show-on-hover '><div class='dt-sc-team-thumb'><img width=\"520\" height=\"750\" src=\"https:\/\/www.procard.com.py\/procard_institucional\/wp-content\/uploads\/Eduardo_Monti.png\" class=\"attachment-full\" alt=\"\" decoding=\"async\" loading=\"lazy\" srcset=\"https:\/\/www.procard.com.py\/procard_institucional\/wp-content\/uploads\/Eduardo_Monti.png 520w, https:\/\/www.procard.com.py\/procard_institucional\/wp-content\/uploads\/Eduardo_Monti-208x300.png 208w\" sizes=\"(max-width: 520px) 100vw, 520px\" \/><\/div><div class='dt-sc-team-details'><h4>Eduardo Monti<\/h4><h5>Gerente De Negocios<\/h5><p><\/p><\/div><\/div>[\/vc_column_inner][vc_column_inner width=\u00bb1\/6&#8243;]<div class='dt-sc-team hide-social-show-on-hover '><div class='dt-sc-team-thumb'><img width=\"286\" height=\"390\" src=\"https:\/\/www.procard.com.py\/procard_institucional\/wp-content\/uploads\/MR-4.jpg\" class=\"attachment-full\" alt=\"\" decoding=\"async\" loading=\"lazy\" srcset=\"https:\/\/www.procard.com.py\/procard_institucional\/wp-content\/uploads\/MR-4.jpg 286w, https:\/\/www.procard.com.py\/procard_institucional\/wp-content\/uploads\/MR-4-220x300.jpg 220w\" sizes=\"(max-width: 286px) 100vw, 286px\" \/><\/div><div class='dt-sc-team-details'><h4>Mimbipa Ramirez<\/h4><h5>Gerente Comercial<\/h5><p><\/p><\/div><\/div>[\/vc_column_inner][\/vc_row_inner][\/vc_column][\/vc_row][vc_row full_width=\u00bbstretch_row\u00bb content_placement=\u00bbmiddle\u00bb][vc_column el_class=\u00bbcontact-info-bottom\u00bb]<div class='dt-sc-title with-two-border aligncenter'><h2>Memorias y Balances<\/h2><\/div>[vc_separator][vc_btn title=\u00bbMemoria y Balance Procard 2016&#8243; style=\u00bbcustom\u00bb custom_background=\u00bb#408b5f\u00bb custom_text=\u00bb#e5e5e5&#8243; align=\u00bbcenter\u00bb css_animation=\u00bbfadeInDownBig\u00bb link=\u00bburl:http%3A%2F%2Fwww.procard.com.py%2Fprocard_institucional%2Fwp-content%2Fuploads%2FMemoria-y-Balance-Procard-2016.pdf|||\u00bb][vc_btn title=\u00bbMemoria y Balance Procard 2017&#8243; style=\u00bbcustom\u00bb custom_background=\u00bb#408b5f\u00bb custom_text=\u00bb#eaeaea\u00bb align=\u00bbcenter\u00bb css_animation=\u00bbfadeInDownBig\u00bb link=\u00bburl:http%3A%2F%2Fwww.procard.com.py%2Fprocard_institucional%2Fwp-content%2Fuploads%2FMemoria-y-Balance-2017.pdf|||\u00bb][vc_btn title=\u00bbMemoria y Balance Procard 2018&#8243; style=\u00bbcustom\u00bb custom_background=\u00bb#408b5f\u00bb custom_text=\u00bb#f4f4f4&#8243; align=\u00bbcenter\u00bb css_animation=\u00bbfadeInDownBig\u00bb link=\u00bburl:http%3A%2F%2Fwww.procard.com.py%2Fprocard_institucional%2Fwp-content%2Fuploads%2FMemoria-y-Balance-2018.pdf|||\u00bb]<div class='dt-sc-title with-two-border aligncenter'><h2>Contactanos!<\/h2><\/div>[vc_row_inner equal_height=\u00bbyes\u00bb content_placement=\u00bbmiddle\u00bb css=\u00bb.vc_custom_1563983683227{margin-right: 150px !important;margin-left: 150px !important;}\u00bb][vc_column_inner width=\u00bb1\/3&#8243;][vc_icon icon_fontawesome=\u00bbfa fa-instagram\u00bb color=\u00bbcustom\u00bb size=\u00bbxl\u00bb align=\u00bbright\u00bb css_animation=\u00bbbounceIn\u00bb custom_color=\u00bb#408b5f\u00bb link=\u00bb|title:%40procardpy||\u00bb][vc_icon icon_fontawesome=\u00bbfa fa-facebook-official\u00bb color=\u00bbcustom\u00bb size=\u00bbxl\u00bb align=\u00bbright\u00bb css_animation=\u00bbbounceIn\u00bb custom_color=\u00bb#408b5f\u00bb link=\u00bb|title:%40procardpy||\u00bb][\/vc_column_inner][vc_column_inner width=\u00bb1\/3&#8243;][vc_column_text css_animation=\u00bbbounceInDown\u00bb]<\/p>\n<p>&nbsp;<\/p>\n<p style=\"color: #116e37; text-align: left;\">@procardpy<\/p>\n<p>[\/vc_column_text][vc_column_text]<\/p>\n<p>I am text block. Click edit button to change this text. Lorem ipsum dolor sit amet, consectetur adipiscing elit. Ut elit tellus, luctus nec ullamcorper mattis, pulvinar dapibus leo.<\/p>\n<p>[\/vc_column_text][vc_separator][\/vc_column_inner][vc_column_inner width=\u00bb1\/3&#8243;]<div class='dt-sc-contact-info type7 '><span class='icon icon-phone2'> <\/span><p style=\"color: #23422b; text-align: left;\">(021) 416-7000<\/p><\/div>[\/vc_column_inner][\/vc_row_inner]<div class='dt-sc-title with-two-border aligncenter'><h2>Encu\u00e9ntranos en esta direcci\u00f3n!<\/h2><\/div>[vc_row_inner equal_height=\u00bbyes\u00bb content_placement=\u00bbmiddle\u00bb css=\u00bb.vc_custom_1563983683227{margin-right: 150px !important;margin-left: 150px !important;}\u00bb][vc_column_inner width=\u00bb1\/3&#8243;]<div class='dt-sc-contact-info type7 '><span class='icon icon-pointer'> <\/span><h3 style=\"text-align: left;\"><strong>Casa Central\u00a0 <\/strong><\/h3>\n<h4>Asunci\u00f3n<\/h4>\n<p style=\"text-align: left;\">Avda. Brasilia 444 entre Avda. Espa\u00f1a y El Dorado.<\/p><\/div><ul class=\"contact_info \"><\/ul><style>.contact_info i {\r\n                            color: #777777;\r\n                        }<\/style>[\/vc_column_inner][vc_column_inner width=\u00bb1\/3&#8243;][vc_gmaps link=\u00bb#E-8_JTNDaWZyYW1lJTIwc3JjJTNEJTIyaHR0cHMlM0ElMkYlMkZ3d3cuZ29vZ2xlLmNvbSUyRm1hcHMlMkZlbWJlZCUzRnBiJTNEJTIxMW0xNCUyMTFtOCUyMTFtMyUyMTFkMTQ0MjkuODYxOTI3NjcwNTc4JTIxMmQtNTcuNjAyMTUyMyUyMTNkLTI1LjI4ODU2MDQlMjEzbTIlMjExaTEwMjQlMjEyaTc2OCUyMTRmMTMuMSUyMTNtMyUyMTFtMiUyMTFzMHgwJTI1M0EweDIzYjMwZTA4NTYwNGYyNzQlMjEyc1BST0NBUkQlMkJTLkEuJTIxNWUwJTIxM20yJTIxMXNlcyUyMTJzcHklMjE0djE1NjM5OTI0OTAxODQlMjE1bTIlMjExc2VzJTIxMnNweSUyMiUyMHdpZHRoJTNEJTIyNjAwJTIyJTIwaGVpZ2h0JTNEJTIyNDUwJTIyJTIwZnJhbWVib3JkZXIlM0QlMjIwJTIyJTIwc3R5bGUlM0QlMjJib3JkZXIlM0EwJTIyJTIwYWxsb3dmdWxsc2NyZWVuJTNFJTNDJTJGaWZyYW1lJTNF\u00bb][\/vc_column_inner][\/vc_row_inner][vc_row_inner equal_height=\u00bbyes\u00bb content_placement=\u00bbmiddle\u00bb css=\u00bb.vc_custom_1563983812242{margin-right: 150px !important;margin-left: 150px !important;}\u00bb][vc_column_inner width=\u00bb1\/3&#8243;][\/vc_column_inner][vc_column_inner width=\u00bb1\/3&#8243;]<ul class=\"contact_info \"><\/ul><style>.contact_info i {\r\n                            color: #777777;\r\n                        }<\/style>[\/vc_column_inner][vc_column_inner width=\u00bb1\/3&#8243;][\/vc_column_inner][\/vc_row_inner][\/vc_column][\/vc_row]<\/p>\n","protected":false},"excerpt":{"rendered":"<p>[vc_row full_width=\u00bbstretch_row_content_no_spaces\u00bb equal_height=\u00bbyes\u00bb el_class=\u00bbabout-section1 vcr_float_right\u00bb css=\u00bb.vc_custom_1476872115795{margin-top: -65px !important;background-position: 0 0 !important;background-repeat: no-repeat !important;}\u00bb][vc_column width=\u00bb1\/2&#8243; css=\u00bb.vc_custom_1518456106132{margin-top: 0px !important;margin-right: 0px !important;margin-bottom: 0px !important;margin-left: 0px !important;padding-top: 0px !important;padding-right: 0px !important;padding-bottom: 0px !important;padding-left: 0px !important;background-image: url(http:\/\/www.procard.com.py\/procard_institucional\/wp-content\/uploads\/164_1.jpg?id=2502) !important;background-position: center !important;background-repeat: no-repeat !important;background-size: cover !important;}\u00bb][\/vc_column][vc_column width=\u00bb1\/2&#8243; css=\u00bb.vc_custom_1476872212738{margin-top: 11px !important;padding-top: 0px !important;padding-right: 10% !important;padding-bottom: 0px !important;padding-left: 5% !important;}\u00bb][vc_row_inner][vc_column_inner][vc_custom_heading text=\u00bbQui\u00e9nes somos?\u00bb font_container=\u00bbtag:h3|font_size:24|text_align:left\u00bb use_theme_fonts=\u00bbyes\u00bb][vc_column_text] [&hellip;]<\/p>\n","protected":false},"author":1,"featured_media":0,"parent":0,"menu_order":0,"comment_status":"closed","ping_status":"closed","template":"","meta":[],"_links":{"self":[{"href":"https:\/\/www.procard.com.py\/procard_institucional\/wp-json\/wp\/v2\/pages\/1330"}],"collection":[{"href":"https:\/\/www.procard.com.py\/procard_institucional\/wp-json\/wp\/v2\/pages"}],"about":[{"href":"https:\/\/www.procard.com.py\/procard_institucional\/wp-json\/wp\/v2\/types\/page"}],"author":[{"embeddable":true,"href":"https:\/\/www.procard.com.py\/procard_institucional\/wp-json\/wp\/v2\/users\/1"}],"replies":[{"embeddable":true,"href":"https:\/\/www.procard.com.py\/procard_institucional\/wp-json\/wp\/v2\/comments?post=1330"}],"version-history":[{"count":103,"href":"https:\/\/www.procard.com.py\/procard_institucional\/wp-json\/wp\/v2\/pages\/1330\/revisions"}],"predecessor-version":[{"id":3733,"href":"https:\/\/www.procard.com.py\/procard_institucional\/wp-json\/wp\/v2\/pages\/1330\/revisions\/3733"}],"wp:attachment":[{"href":"https:\/\/www.procard.com.py\/procard_institucional\/wp-json\/wp\/v2\/media?parent=1330"}],"curies":[{"name":"wp","href":"https:\/\/api.w.org\/{rel}","templated":true}]}}