{"id":1796,"date":"2017-08-03T15:58:38","date_gmt":"2017-08-03T19:58:38","guid":{"rendered":"http:\/\/www.procard.com.py\/procard_institucional\/?page_id=1796"},"modified":"2018-09-06T11:05:49","modified_gmt":"2018-09-06T15:05:49","slug":"redpro","status":"publish","type":"page","link":"https:\/\/www.procard.com.py\/procard_institucional\/redpro\/","title":{"rendered":"RedPro"},"content":{"rendered":"<p>[vc_row][vc_column width=\u00bb1\/2&#8243; css=\u00bb.vc_custom_1501794837114{background-image: url(http:\/\/www.procard.com.py\/procard_institucional\/wp-content\/uploads\/2017\/06\/credit-card-chip-stock-today-tease-151016_b1bcd50a58a2c63c6c2e007f54a206ab.jpg?id=1810) !important;background-position: center !important;background-repeat: no-repeat !important;background-size: cover !important;}\u00bb][vc_empty_space height=\u00bb600px\u00bb][\/vc_column][vc_column width=\u00bb1\/2&#8243;][vc_row_inner][vc_column_inner][vc_single_image image=\u00bb1769&#8243; img_size=\u00bbmedium\u00bb alignment=\u00bbcenter\u00bb][\/vc_column_inner][\/vc_row_inner][vc_column_text]El POS es un dispositivo electr\u00f3nico, que captura y rutea las transacciones de tarjetas de cr\u00e9dito y de d\u00e9bito. Los diferentes modelos de POS permiten adaptarse a las necesidades de su Comercio, tales como redes de POS, terminales fijas o m\u00f3viles.<\/p>\n<ul>\n<li>Acreditaci\u00f3n en linea con las tarjetas de d\u00e9bito.<\/li>\n<li>Acreditaci\u00f3n de marcas nacionales e internacionales.<\/li>\n<li>Financiaci\u00f3n de ventas (cuotizaci\u00f3n).<\/li>\n<\/ul>\n<p>[\/vc_column_text][\/vc_column][\/vc_row]<\/p>\n","protected":false},"excerpt":{"rendered":"<p>[vc_row][vc_column width=\u00bb1\/2&#8243; css=\u00bb.vc_custom_1501794837114{background-image: url(http:\/\/www.procard.com.py\/procard_institucional\/wp-content\/uploads\/2017\/06\/credit-card-chip-stock-today-tease-151016_b1bcd50a58a2c63c6c2e007f54a206ab.jpg?id=1810) !important;background-position: center !important;background-repeat: no-repeat !important;background-size: cover !important;}\u00bb][vc_empty_space height=\u00bb600px\u00bb][\/vc_column][vc_column width=\u00bb1\/2&#8243;][vc_row_inner][vc_column_inner][vc_single_image image=\u00bb1769&#8243; img_size=\u00bbmedium\u00bb alignment=\u00bbcenter\u00bb][\/vc_column_inner][\/vc_row_inner][vc_column_text]El POS es un dispositivo electr\u00f3nico, que captura y rutea las transacciones de tarjetas de cr\u00e9dito y de d\u00e9bito. Los diferentes modelos de POS permiten adaptarse a las necesidades de su Comercio, tales como redes de POS, terminales fijas o [&hellip;]<\/p>\n","protected":false},"author":11,"featured_media":0,"parent":0,"menu_order":0,"comment_status":"closed","ping_status":"closed","template":"","meta":[],"_links":{"self":[{"href":"https:\/\/www.procard.com.py\/procard_institucional\/wp-json\/wp\/v2\/pages\/1796"}],"collection":[{"href":"https:\/\/www.procard.com.py\/procard_institucional\/wp-json\/wp\/v2\/pages"}],"about":[{"href":"https:\/\/www.procard.com.py\/procard_institucional\/wp-json\/wp\/v2\/types\/page"}],"author":[{"embeddable":true,"href":"https:\/\/www.procard.com.py\/procard_institucional\/wp-json\/wp\/v2\/users\/11"}],"replies":[{"embeddable":true,"href":"https:\/\/www.procard.com.py\/procard_institucional\/wp-json\/wp\/v2\/comments?post=1796"}],"version-history":[{"count":6,"href":"https:\/\/www.procard.com.py\/procard_institucional\/wp-json\/wp\/v2\/pages\/1796\/revisions"}],"predecessor-version":[{"id":2576,"href":"https:\/\/www.procard.com.py\/procard_institucional\/wp-json\/wp\/v2\/pages\/1796\/revisions\/2576"}],"wp:attachment":[{"href":"https:\/\/www.procard.com.py\/procard_institucional\/wp-json\/wp\/v2\/media?parent=1796"}],"curies":[{"name":"wp","href":"https:\/\/api.w.org\/{rel}","templated":true}]}}