{"id":2242,"date":"2017-12-06T10:36:43","date_gmt":"2017-12-06T13:36:43","guid":{"rendered":"http:\/\/www.procard.com.py\/procard_institucional\/?page_id=2242"},"modified":"2024-06-26T08:45:08","modified_gmt":"2024-06-26T12:45:08","slug":"cuenta-pro","status":"publish","type":"page","link":"https:\/\/www.procard.com.py\/procard_institucional\/cuenta-pro\/","title":{"rendered":"Cuenta Pro"},"content":{"rendered":"<p><b>\u00bfQU\u00c9 ES CUENTAPRO?<\/b><\/p>\n<ul>\n<li>Nace para cubrir la <b>necesidad del socio <\/b>que cuenta con caja de ahorro, pero que no tienen movimiento.<\/li>\n<li>Esos socios podr\u00e1n <b>acceder a sus cuentas <\/b>desde puntos de ventas o cajas de entidades que cuenten con PayPro<\/li>\n<li>Presentando \u00fanicamente su<b> c\u00e9dula de identidad <\/b>que ser\u00e1 validado por el cajero y el pin autorizante.<\/li>\n<\/ul>\n<p><img decoding=\"async\" loading=\"lazy\" class=\"alignnone wp-image-3661 \" src=\"https:\/\/www.procard.com.py\/procard_institucional\/wp-content\/uploads\/cuenta-pro-CI-e1719404978751-300x170.png\" alt=\"\" width=\"589\" height=\"334\" srcset=\"https:\/\/www.procard.com.py\/procard_institucional\/wp-content\/uploads\/cuenta-pro-CI-e1719404978751-300x170.png 300w, https:\/\/www.procard.com.py\/procard_institucional\/wp-content\/uploads\/cuenta-pro-CI-e1719404978751-768x434.png 768w, https:\/\/www.procard.com.py\/procard_institucional\/wp-content\/uploads\/cuenta-pro-CI-e1719404978751.png 1000w\" sizes=\"(max-width: 589px) 100vw, 589px\" \/><\/p>\n","protected":false},"excerpt":{"rendered":"<p>\u00bfQU\u00c9 ES CUENTAPRO? Nace para cubrir la necesidad del socio que cuenta con caja de ahorro, pero que no tienen movimiento. Esos socios podr\u00e1n acceder a sus cuentas desde puntos de ventas o cajas de entidades que cuenten con PayPro Presentando \u00fanicamente su c\u00e9dula de identidad que ser\u00e1 validado por el cajero y el pin [&hellip;]<\/p>\n","protected":false},"author":1,"featured_media":0,"parent":0,"menu_order":0,"comment_status":"closed","ping_status":"closed","template":"","meta":[],"_links":{"self":[{"href":"https:\/\/www.procard.com.py\/procard_institucional\/wp-json\/wp\/v2\/pages\/2242"}],"collection":[{"href":"https:\/\/www.procard.com.py\/procard_institucional\/wp-json\/wp\/v2\/pages"}],"about":[{"href":"https:\/\/www.procard.com.py\/procard_institucional\/wp-json\/wp\/v2\/types\/page"}],"author":[{"embeddable":true,"href":"https:\/\/www.procard.com.py\/procard_institucional\/wp-json\/wp\/v2\/users\/1"}],"replies":[{"embeddable":true,"href":"https:\/\/www.procard.com.py\/procard_institucional\/wp-json\/wp\/v2\/comments?post=2242"}],"version-history":[{"count":8,"href":"https:\/\/www.procard.com.py\/procard_institucional\/wp-json\/wp\/v2\/pages\/2242\/revisions"}],"predecessor-version":[{"id":3628,"href":"https:\/\/www.procard.com.py\/procard_institucional\/wp-json\/wp\/v2\/pages\/2242\/revisions\/3628"}],"wp:attachment":[{"href":"https:\/\/www.procard.com.py\/procard_institucional\/wp-json\/wp\/v2\/media?parent=2242"}],"curies":[{"name":"wp","href":"https:\/\/api.w.org\/{rel}","templated":true}]}}